{"id":106,"date":"2025-03-10T11:45:05","date_gmt":"2025-03-10T11:45:05","guid":{"rendered":"https:\/\/lyna.pl\/?page_id=106"},"modified":"2025-03-10T11:58:59","modified_gmt":"2025-03-10T11:58:59","slug":"my-lyna-pl","status":"publish","type":"page","link":"https:\/\/lyna.pl\/index.php\/my-lyna-pl\/","title":{"rendered":"My \u0141yna.pl"},"content":{"rendered":"\n<div class=\"wp-block-group alignfull has-accent-background-color has-background has-global-padding is-layout-constrained wp-container-core-group-is-layout-3 wp-block-group-is-layout-constrained\" style=\"margin-top:0;margin-bottom:0;padding-top:var(--wp--preset--spacing--50);padding-right:var(--wp--preset--spacing--50);padding-bottom:var(--wp--preset--spacing--50);padding-left:var(--wp--preset--spacing--50)\">\n<div class=\"wp-block-columns alignwide is-layout-flex wp-container-core-columns-is-layout-1 wp-block-columns-is-layout-flex\">\n<div class=\"wp-block-column is-vertically-aligned-stretch is-layout-flow wp-block-column-is-layout-flow\" style=\"flex-basis:50%\">\n<div class=\"wp-block-group is-vertical is-content-justification-stretch is-layout-flex wp-container-core-group-is-layout-2 wp-block-group-is-layout-flex\" style=\"min-height:100%\">\n<p class=\"has-heading-font-family has-x-large-font-size\" style=\"line-height:1.2\">Sp\u0142ywy integracyjne<\/p>\n\n\n\n<p>Zapraszamy wszystkie firmy ma\u0142e, \u015brednie i du\u017ce na organizowane przez nas imprezy integracyjne. Proponujemy imprezy od wiosny do jesieni zwi\u0105zane z kajakami jako motywem przewodnim lub imprezy z kajakiem w &#8222;tle\u201d.<\/p>\n\n\n\n<div class=\"wp-block-group has-global-padding is-content-justification-left is-layout-constrained wp-container-core-group-is-layout-1 wp-block-group-is-layout-constrained\">\n<div class=\"wp-block-buttons is-layout-flex wp-block-buttons-is-layout-flex\">\n<div class=\"wp-block-button\"><a class=\"wp-block-button__link wp-element-button\" href=\"bakikajaki@gmail.com\" target=\"_blank\" rel=\"noreferrer noopener\">Napisz do nas<\/a><\/div>\n<\/div>\n<\/div>\n<\/div>\n<\/div>\n\n\n\n<div class=\"wp-block-column is-vertically-aligned-center is-layout-flow wp-block-column-is-layout-flow\" style=\"flex-basis:50%\">\n<figure class=\"wp-block-image size-large is-style-rounded is-style-rounded--1\"><img loading=\"lazy\" decoding=\"async\" width=\"768\" height=\"1024\" src=\"https:\/\/lyna.pl\/wp-content\/uploads\/2025\/03\/kajaki-integracja-768x1024.jpg\" alt=\"\" class=\"wp-image-111\" style=\"aspect-ratio:3\/4;object-fit:cover\" srcset=\"https:\/\/lyna.pl\/wp-content\/uploads\/2025\/03\/kajaki-integracja-768x1023.jpg 768w, https:\/\/lyna.pl\/wp-content\/uploads\/2025\/03\/kajaki-integracja-225x300.jpg 225w, https:\/\/lyna.pl\/wp-content\/uploads\/2025\/03\/kajaki-integracja.jpg 800w\" sizes=\"auto, (max-width: 768px) 100vw, 768px\" \/><\/figure>\n<\/div>\n<\/div>\n<\/div>\n\n\n\n<div class=\"wp-block-group alignfull has-accent-5-background-color has-background has-global-padding is-layout-constrained wp-container-core-group-is-layout-4 wp-block-group-is-layout-constrained\" style=\"margin-top:0;margin-bottom:0;padding-top:var(--wp--preset--spacing--50);padding-right:var(--wp--preset--spacing--50);padding-bottom:var(--wp--preset--spacing--50);padding-left:var(--wp--preset--spacing--50)\">\n<div class=\"wp-block-columns alignwide is-layout-flex wp-container-core-columns-is-layout-2 wp-block-columns-is-layout-flex\">\n<div class=\"wp-block-column is-vertically-aligned-center is-layout-flow wp-block-column-is-layout-flow\" style=\"flex-basis:60%\">\n<figure class=\"wp-block-image size-full is-style-rounded wp-duotone-unset-3 is-style-rounded--2\"><img loading=\"lazy\" decoding=\"async\" width=\"1200\" height=\"900\" src=\"https:\/\/lyna.pl\/wp-content\/uploads\/2025\/03\/splyw-integracja.jpg\" alt=\"\" class=\"wp-image-113\" style=\"aspect-ratio:4\/3;object-fit:cover\" srcset=\"https:\/\/lyna.pl\/wp-content\/uploads\/2025\/03\/splyw-integracja.jpg 1200w, https:\/\/lyna.pl\/wp-content\/uploads\/2025\/03\/splyw-integracja-300x225.jpg 300w, https:\/\/lyna.pl\/wp-content\/uploads\/2025\/03\/splyw-integracja-1024x768.jpg 1024w, https:\/\/lyna.pl\/wp-content\/uploads\/2025\/03\/splyw-integracja-768x576.jpg 768w\" sizes=\"auto, (max-width: 1200px) 100vw, 1200px\" \/><figcaption class=\"wp-element-caption\">dav<\/figcaption><\/figure>\n<\/div>\n\n\n\n<div class=\"wp-block-column is-layout-flow wp-block-column-is-layout-flow\" style=\"flex-basis:40%\">\n<h2 class=\"wp-block-heading\">Sp\u0142ywy indywidulane<\/h2>\n\n\n\n<p>Chcesz prze\u017cy\u0107 niezapomnian\u0105 przygod\u0119 na wodzie? Sp\u0142ywy kajakowe Drw\u0119c\u0105 to doskona\u0142y spos\u00f3b na relaks i aktywny wypoczynek dla ca\u0142ej rodziny! Wybierz tras\u0119 dopasowan\u0105 do swoich mo\u017cliwo\u015bci i ciesz si\u0119 pi\u0119knem przyrody.<\/p>\n\n\n\n<div class=\"wp-block-buttons is-layout-flex wp-block-buttons-is-layout-flex\">\n<div class=\"wp-block-button\"><a class=\"wp-block-button__link wp-element-button\" href=\"bakikajaki@gmail.com\" target=\"_blank\" rel=\"noreferrer noopener\">Napisz do nas <\/a><\/div>\n<\/div>\n<\/div>\n<\/div>\n<\/div>\n\n\n\n<div class=\"wp-block-group alignfull has-global-padding is-layout-constrained wp-container-core-group-is-layout-10 wp-block-group-is-layout-constrained\" style=\"margin-top:0;margin-bottom:0;padding-top:var(--wp--preset--spacing--50);padding-right:var(--wp--preset--spacing--50);padding-bottom:var(--wp--preset--spacing--50);padding-left:var(--wp--preset--spacing--50)\">\n<div class=\"wp-block-group is-vertical is-content-justification-center is-layout-flex wp-container-core-group-is-layout-5 wp-block-group-is-layout-flex\">\n<h2 class=\"wp-block-heading has-text-align-center has-xx-large-font-size\">Nasz zesp\u00f3\u0142 \u0141yna.pl<\/h2>\n\n\n\n<p class=\"has-text-align-center\">Od lat staramy si\u0119 nasze sp\u0142yw zawsze by\u0142y na najwy\u017cszym poziomie<\/p>\n<\/div>\n\n\n\n<div class=\"wp-block-columns alignwide is-layout-flex wp-container-core-columns-is-layout-3 wp-block-columns-is-layout-flex\" style=\"padding-right:0;padding-left:0\">\n<div class=\"wp-block-column is-layout-flow wp-block-column-is-layout-flow\">\n\n\n<div class=\"wp-block-group is-vertical is-content-justification-center is-nowrap is-layout-flex wp-container-core-group-is-layout-6 wp-block-group-is-layout-flex\">\n<p class=\"has-text-align-center has-small-font-size\"><strong>Mariusz Panek<\/strong><\/p>\n\n\n\n<p class=\"has-text-align-center has-small-font-size\">Kajaki, marketing<\/p>\n<\/div>\n<\/div>\n\n\n\n<div class=\"wp-block-column is-layout-flow wp-block-column-is-layout-flow\">\n\n\n<div class=\"wp-block-group is-vertical is-content-justification-center is-nowrap is-layout-flex wp-container-core-group-is-layout-7 wp-block-group-is-layout-flex\">\n<p class=\"has-text-align-center has-small-font-size\"><strong>Tomasz Plitnik<\/strong><\/p>\n\n\n\n<p class=\"has-text-align-center has-small-font-size\">Kajaki, logistyka<\/p>\n<\/div>\n<\/div>\n\n\n\n<div class=\"wp-block-column is-layout-flow wp-block-column-is-layout-flow\">\n\n\n<div class=\"wp-block-group is-vertical is-content-justification-center is-nowrap is-layout-flex wp-container-core-group-is-layout-8 wp-block-group-is-layout-flex\">\n<p class=\"has-text-align-center has-small-font-size\"><strong><strong>Janusz&nbsp;Ja\u017cd\u017cewski<\/strong><\/strong><\/p>\n\n\n\n<p class=\"has-text-align-center has-small-font-size\">Logistyka<\/p>\n<\/div>\n<\/div>\n\n\n\n<div class=\"wp-block-column is-layout-flow wp-block-column-is-layout-flow\">\n\n\n<div class=\"wp-block-group is-vertical is-content-justification-center is-nowrap is-layout-flex wp-container-core-group-is-layout-9 wp-block-group-is-layout-flex\">\n<p class=\"has-text-align-center has-small-font-size\"><strong>Waldemar Kubiczek<\/strong><\/p>\n\n\n\n<p class=\"has-text-align-center has-small-font-size\">Sprz\u0119t kajaki<\/p>\n<\/div>\n<\/div>\n<\/div>\n<\/div>\n\n\n\n<div class=\"wp-block-group alignfull has-global-padding is-layout-constrained wp-container-core-group-is-layout-13 wp-block-group-is-layout-constrained\" style=\"margin-top:0;margin-bottom:0;padding-top:var(--wp--preset--spacing--50);padding-right:var(--wp--preset--spacing--50);padding-bottom:var(--wp--preset--spacing--50);padding-left:var(--wp--preset--spacing--50)\">\n<div class=\"wp-block-group alignwide has-base-2-background-color has-background is-layout-flow wp-block-group-is-layout-flow\" style=\"border-radius:16px;padding-top:var(--wp--preset--spacing--50);padding-right:var(--wp--preset--spacing--50);padding-bottom:var(--wp--preset--spacing--50);padding-left:var(--wp--preset--spacing--50)\">\n<p class=\"has-text-align-center\">Organizowali\u015bmy sp\u0142ywy dla wielu znanych firm<\/p>\n\n\n\n<div style=\"height:var(--wp--preset--spacing--10)\" aria-hidden=\"true\" class=\"wp-block-spacer\"><\/div>\n\n\n\n<div class=\"wp-block-group alignwide is-content-justification-center is-layout-flex wp-container-core-group-is-layout-11 wp-block-group-is-layout-flex\" style=\"padding-top:0;padding-right:0;padding-bottom:0;padding-left:0\">\n<figure class=\"wp-block-image size-full is-resized\"><img loading=\"lazy\" decoding=\"async\" width=\"152\" height=\"114\" src=\"https:\/\/lyna.pl\/wp-content\/uploads\/2025\/03\/kajaki-integracja_hestia.jpg\" alt=\"\" class=\"wp-image-117\" style=\"aspect-ratio:4\/3;object-fit:contain;width:150px\" srcset=\"https:\/\/lyna.pl\/wp-content\/uploads\/2025\/03\/kajaki-integracja_hestia.jpg 152w, https:\/\/lyna.pl\/wp-content\/uploads\/2025\/03\/kajaki-integracja_hestia-150x114.jpg 150w\" sizes=\"auto, (max-width: 152px) 100vw, 152px\" \/><\/figure>\n\n\n\n<figure class=\"wp-block-image size-full is-resized\"><img loading=\"lazy\" decoding=\"async\" width=\"212\" height=\"97\" src=\"https:\/\/lyna.pl\/wp-content\/uploads\/2025\/03\/kajaki-splwy_woman.jpg\" alt=\"\" class=\"wp-image-118\" style=\"aspect-ratio:4\/3;object-fit:contain;width:150px\"\/><\/figure>\n\n\n\n<figure class=\"wp-block-image size-full is-resized\"><img loading=\"lazy\" decoding=\"async\" width=\"103\" height=\"127\" src=\"https:\/\/lyna.pl\/wp-content\/uploads\/2025\/03\/kajaki-integracja_tax.jpg\" alt=\"\" class=\"wp-image-119\" style=\"aspect-ratio:4\/3;object-fit:contain;width:150px\"\/><\/figure>\n\n\n\n<figure class=\"wp-block-image size-full is-resized\"><img loading=\"lazy\" decoding=\"async\" width=\"186\" height=\"62\" src=\"https:\/\/lyna.pl\/wp-content\/uploads\/2025\/03\/kajaki-integracja_unicredit.jpg\" alt=\"\" class=\"wp-image-120\" style=\"aspect-ratio:4\/3;object-fit:contain;width:150px\"\/><\/figure>\n\n\n\n<figure class=\"wp-block-image size-full is-resized\"><img loading=\"lazy\" decoding=\"async\" width=\"219\" height=\"108\" src=\"https:\/\/lyna.pl\/wp-content\/uploads\/2025\/03\/kajaki-splwy_bankier.jpg\" alt=\"\" class=\"wp-image-121\" style=\"aspect-ratio:4\/3;object-fit:contain;width:150px\"\/><\/figure>\n<\/div>\n<\/div>\n<\/div>\n\n\n\n<p><\/p>\n","protected":false},"excerpt":{"rendered":"<p>Sp\u0142ywy integracyjne Zapraszamy wszystkie firmy ma\u0142e, \u015brednie i du\u017ce na organizowane przez nas imprezy integracyjne. Proponujemy imprezy od wiosny do jesieni zwi\u0105zane z kajakami jako motywem przewodnim lub imprezy z kajakiem w &#8222;tle\u201d. Sp\u0142ywy indywidulane Chcesz prze\u017cy\u0107 niezapomnian\u0105 przygod\u0119 na wodzie? Sp\u0142ywy kajakowe Drw\u0119c\u0105 to doskona\u0142y spos\u00f3b na relaks i aktywny wypoczynek dla ca\u0142ej rodziny! [&hellip;]<\/p>\n","protected":false},"author":1,"featured_media":0,"parent":0,"menu_order":0,"comment_status":"closed","ping_status":"closed","template":"","meta":{"footnotes":""},"class_list":["post-106","page","type-page","status-publish","hentry"],"_links":{"self":[{"href":"https:\/\/lyna.pl\/index.php\/wp-json\/wp\/v2\/pages\/106","targetHints":{"allow":["GET"]}}],"collection":[{"href":"https:\/\/lyna.pl\/index.php\/wp-json\/wp\/v2\/pages"}],"about":[{"href":"https:\/\/lyna.pl\/index.php\/wp-json\/wp\/v2\/types\/page"}],"author":[{"embeddable":true,"href":"https:\/\/lyna.pl\/index.php\/wp-json\/wp\/v2\/users\/1"}],"replies":[{"embeddable":true,"href":"https:\/\/lyna.pl\/index.php\/wp-json\/wp\/v2\/comments?post=106"}],"version-history":[{"count":6,"href":"https:\/\/lyna.pl\/index.php\/wp-json\/wp\/v2\/pages\/106\/revisions"}],"predecessor-version":[{"id":123,"href":"https:\/\/lyna.pl\/index.php\/wp-json\/wp\/v2\/pages\/106\/revisions\/123"}],"wp:attachment":[{"href":"https:\/\/lyna.pl\/index.php\/wp-json\/wp\/v2\/media?parent=106"}],"curies":[{"name":"wp","href":"https:\/\/api.w.org\/{rel}","templated":true}]}}